{"id":167,"date":"2025-05-21T12:40:14","date_gmt":"2025-05-21T10:40:14","guid":{"rendered":"https:\/\/terredebienetrebymarie.fr\/?page_id=167"},"modified":"2025-05-21T12:53:52","modified_gmt":"2025-05-21T10:53:52","slug":"mentions-legales","status":"publish","type":"page","link":"https:\/\/terredebienetrebymarie.fr\/index.php\/mentions-legales\/","title":{"rendered":"Mentions l\u00e9gales"},"content":{"rendered":"<h2>Identification de la soci\u00e9t\u00e9 :<\/h2>\n<ul>\n<li><strong>D\u00e9nomination sociale :<\/strong> MARIE COIFFURE<\/li>\n<li><strong>Forme juridique :<\/strong> SASU Soci\u00e9t\u00e9 par actions simplifi\u00e9e \u00e0 associ\u00e9 unique<\/li>\n<li><strong>Adresse du si\u00e8ge social :<\/strong> TERRE DE BIEN ETRE BY MARIE 1 RUE DES BOUTONS D&rsquo;OR, 67650 DAMBACH-LA-VILLE France<\/li>\n<li><strong>T\u00e9l\u00e9phone :<\/strong> 03 88 92 43 32<\/li>\n<li><strong>Email :<\/strong> <a href=\"https:\/\/terredebienetrebymarie.fr\/index.php\/contact\/\">Formulaire de contact<\/a><\/li>\n<li><strong>RCS :<\/strong> Colmar B 878072610<\/li>\n<li><strong>Num\u00e9ro de TVA intracommunautaire :<\/strong> FR94878072610<\/li>\n<\/ul>\n<h2>Identification de l&rsquo;h\u00e9bergeur<\/h2>\n<p>O2switch<br \/>\nChem. des Pardiaux,<br \/>\n63000 Clermont-Ferrand,<br \/>\nFrance<\/p>\n<h2>1) DROITS D\u2019AUTEUR<\/h2>\n<p>Ce site est la propri\u00e9t\u00e9 de MARIE COIFFURE et est compos\u00e9 en totalit\u00e9 du contenu fourni par terre de bien-\u00eatre by marie. Il est prot\u00e9g\u00e9 par la r\u00e9glementation et les lois internationales sur les droits d\u2019auteur, les marques d\u00e9pos\u00e9es et la propri\u00e9t\u00e9 intellectuelle en vigueur. Vous ne pouvez modifier, copier, reproduire, republier, t\u00e9l\u00e9charger, envoyer, afficher, transmettre ou distribuer, de quelque fa\u00e7on que ce soit, du contenu provenant de ce site.<\/p>\n<h2>2) LICENCE<\/h2>\n<p>En publiant des messages ou en proc\u00e9dant \u00e0 quelque forme de communication possible sur ce site, vous en accordez les droits \u00e0 MARIE COIFFURE sans aucune redevance ou restriction, de fa\u00e7on perp\u00e9tuelle, non-exclusive et internationale afin d\u2019utiliser, copier, licencier, adapter, transmettre, afficher ou repr\u00e9senter cette information au public.<\/p>\n<h2>3) LISTE DE DIFFUSION<\/h2>\n<p>SAS PREPARATION PEDAGOGIE FORMATION s\u2019engage \u00e0 respecter la vie priv\u00e9e des utilisateurs. MARIE COIFFURE ne contr\u00f4lera, ne changera ni ne divulguera les informations concernant votre personne et votre adresse de courrier \u00e9lectronique sans votre permission, \u00e0 moins que MARIE COIFFURE ait des raisons acceptables de croire qu\u2019une telle action serait n\u00e9cessaire afin de respecter les obligations ou les proc\u00e9dures juridiques afin d\u2019agir pour prot\u00e9ger les int\u00e9r\u00eats de ses utilisateurs ou des tiers. Par la pr\u00e9sente, vous autorisez \u00e0 MARIE COIFFURE d\u2019utiliser les adresses de courrier \u00e9lectronique et\/ ou autres informations personnelles identifiables afin de vous contacter dans le but de vous adresser des lettres hebdomadaires par courrier \u00e9lectronique. Si, \u00e0 tout instant, vous ne d\u00e9sirez plus \u00eatre contact\u00e9(e) pour les raisons mentionn\u00e9es ci-dessus, veuillez adresser un message \u00e9lectronique via le <a href=\"https:\/\/terredebienetrebymarie.fr\/ninja-forms\/28ni7\">formulaire de contact<\/a> .<\/p>\n<h2>4) JURIDICTION<\/h2>\n<p>Ces conditions g\u00e9n\u00e9rales d\u2019utilisation seront soumises au, et interpr\u00e9t\u00e9es en conformit\u00e9 avec, le droit fran\u00e7ais. Vous et MARIE COIFFURE acceptez de vous soumettre \u00e0 la juridiction exclusive du tribunal de commerce de Quimper. Si une des clauses de ces conditions g\u00e9n\u00e9rales d\u2019utilisation est r\u00e9put\u00e9e ill\u00e9gale par une juridiction comp\u00e9tente, alors ces clauses seront interpr\u00e9t\u00e9es en concordance \u00e9troite avec l\u2019intention originale des parties, les autres clauses maintenant leur validit\u00e9 int\u00e9grale. L\u2019omission de MARIE COIFFURE de faire ex\u00e9cuter toutes ou partie des conditions g\u00e9n\u00e9rales ne constitue en aucun cas une dispense de l\u2019application de ces droits ou clauses, \u00e0 moins que cela soit confirm\u00e9 et accept\u00e9 par \u00e9crit par MARIE COIFFURE. Vous et MARIE COIFFURE acceptent que toute poursuite dont l\u2019origine provient de ces conditions g\u00e9n\u00e9rales d\u2019utilisation doit \u00eatre initi\u00e9e au plus tard un an apr\u00e8s la date d\u2019origine de cette poursuite; dans le cas contraire, cette poursuite serait r\u00e9put\u00e9e non valable.<\/p>\n","protected":false},"excerpt":{"rendered":"<p>Identification de la soci\u00e9t\u00e9 : D\u00e9nomination sociale : MARIE COIFFURE Forme juridique : SASU Soci\u00e9t\u00e9 par actions simplifi\u00e9e \u00e0 associ\u00e9 unique Adresse du si\u00e8ge social : TERRE DE BIEN ETRE BY MARIE 1 RUE DES BOUTONS D&rsquo;OR, 67650 DAMBACH-LA-VILLE France T\u00e9l\u00e9phone : 03 88 92 43 32 Email : Formulaire de contact RCS : Colmar B 878072610 Num\u00e9ro de TVA intracommunautaire : FR94878072610 Identification de l&rsquo;h\u00e9bergeur O2switch Chem. des Pardiaux, 63000 Clermont-Ferrand, France 1) DROITS D\u2019AUTEUR Ce site est la propri\u00e9t\u00e9 de MARIE COIFFURE et est compos\u00e9 en totalit\u00e9 du contenu fourni par terre de bien-\u00eatre by marie. Il est prot\u00e9g\u00e9 par la r\u00e9glementation et les lois internationales sur les droits d\u2019auteur, les marques d\u00e9pos\u00e9es et la propri\u00e9t\u00e9 intellectuelle en vigueur. Vous ne pouvez modifier, copier, reproduire, republier, t\u00e9l\u00e9charger, envoyer, afficher, transmettre ou distribuer, de quelque fa\u00e7on que ce soit, du contenu provenant de ce site. 2) LICENCE En publiant des messages ou en proc\u00e9dant \u00e0 quelque forme de communication possible sur ce site, vous en accordez les droits \u00e0 MARIE COIFFURE sans aucune redevance ou restriction, de fa\u00e7on perp\u00e9tuelle, non-exclusive et internationale afin d\u2019utiliser, copier, licencier, adapter, transmettre, afficher ou repr\u00e9senter cette information au public. 3) LISTE DE DIFFUSION [&hellip;]<\/p>\n","protected":false},"author":1,"featured_media":0,"parent":0,"menu_order":0,"comment_status":"closed","ping_status":"closed","template":"","meta":{"footnotes":""},"class_list":["post-167","page","type-page","status-publish","hentry"],"_links":{"self":[{"href":"https:\/\/terredebienetrebymarie.fr\/index.php\/wp-json\/wp\/v2\/pages\/167","targetHints":{"allow":["GET"]}}],"collection":[{"href":"https:\/\/terredebienetrebymarie.fr\/index.php\/wp-json\/wp\/v2\/pages"}],"about":[{"href":"https:\/\/terredebienetrebymarie.fr\/index.php\/wp-json\/wp\/v2\/types\/page"}],"author":[{"embeddable":true,"href":"https:\/\/terredebienetrebymarie.fr\/index.php\/wp-json\/wp\/v2\/users\/1"}],"replies":[{"embeddable":true,"href":"https:\/\/terredebienetrebymarie.fr\/index.php\/wp-json\/wp\/v2\/comments?post=167"}],"version-history":[{"count":4,"href":"https:\/\/terredebienetrebymarie.fr\/index.php\/wp-json\/wp\/v2\/pages\/167\/revisions"}],"predecessor-version":[{"id":173,"href":"https:\/\/terredebienetrebymarie.fr\/index.php\/wp-json\/wp\/v2\/pages\/167\/revisions\/173"}],"wp:attachment":[{"href":"https:\/\/terredebienetrebymarie.fr\/index.php\/wp-json\/wp\/v2\/media?parent=167"}],"curies":[{"name":"wp","href":"https:\/\/api.w.org\/{rel}","templated":true}]}}